{"id":155,"date":"2017-06-23T23:26:14","date_gmt":"2017-06-23T23:26:14","guid":{"rendered":"http:\/\/inspirythemesdemo.com\/realplaces\/?page_id=155"},"modified":"2025-05-28T16:44:43","modified_gmt":"2025-05-28T15:44:43","slug":"contact","status":"publish","type":"page","link":"https:\/\/milanoinv.com\/index.php\/contact\/","title":{"rendered":"Contact"},"content":{"rendered":"\t\t<div data-elementor-type=\"wp-page\" data-elementor-id=\"155\" class=\"elementor elementor-155\">\n\t\t\t\t\t\t<section class=\"elementor-section elementor-top-section elementor-element elementor-element-a6b4ab8 elementor-section-boxed elementor-section-height-default elementor-section-height-default\" data-id=\"a6b4ab8\" data-element_type=\"section\">\n\t\t\t\t\t\t<div class=\"elementor-container elementor-column-gap-default\">\n\t\t\t\t\t<div class=\"elementor-column elementor-col-50 elementor-top-column elementor-element elementor-element-2b843dc\" data-id=\"2b843dc\" data-element_type=\"column\">\n\t\t\t<div class=\"elementor-widget-wrap elementor-element-populated\">\n\t\t\t\t\t\t<div class=\"elementor-element elementor-element-f6599b4 elementor-widget__width-initial elementor-widget elementor-widget-wpforms\" data-id=\"f6599b4\" data-element_type=\"widget\" data-widget_type=\"wpforms.default\">\n\t\t\t\t<div class=\"elementor-widget-container\">\n\t\t\t\t\t<div class=\"wpforms-container wpforms-container-full wpforms-render-modern\" id=\"wpforms-9103\"><form id=\"wpforms-form-9103\" class=\"wpforms-validate wpforms-form wpforms-ajax-form\" data-formid=\"9103\" method=\"post\" enctype=\"multipart\/form-data\" action=\"\/index.php\/wp-json\/wp\/v2\/pages\/155\" data-token=\"5d2a88af46f9e6915003072b70434c08\" data-token-time=\"1775732908\"><div class=\"wpforms-head-container\"><div class=\"wpforms-title\">Contact Us<\/div><\/div><noscript class=\"wpforms-error-noscript\">Please enable JavaScript in your browser to complete this form.<\/noscript><div id=\"wpforms-error-noscript\" style=\"display: none;\">Please enable JavaScript in your browser to complete this form.<\/div><div class=\"wpforms-field-container\"><div id=\"wpforms-9103-field_0-container\" class=\"wpforms-field wpforms-field-name\" data-field-id=\"0\"><fieldset><legend class=\"wpforms-field-label\">Name <span class=\"wpforms-required-label\" aria-hidden=\"true\">*<\/span><\/legend><div class=\"wpforms-field-row wpforms-field-medium\"><div class=\"wpforms-field-row-block wpforms-first wpforms-one-half\"><input type=\"text\" id=\"wpforms-9103-field_0\" class=\"wpforms-field-name-first wpforms-field-required\" name=\"wpforms[fields][0][first]\" aria-errormessage=\"wpforms-9103-field_0-error\" required><label for=\"wpforms-9103-field_0\" class=\"wpforms-field-sublabel after\">First<\/label><\/div><div class=\"wpforms-field-row-block wpforms-one-half\"><input type=\"text\" id=\"wpforms-9103-field_0-last\" class=\"wpforms-field-name-last wpforms-field-required\" name=\"wpforms[fields][0][last]\" aria-errormessage=\"wpforms-9103-field_0-last-error\" required><label for=\"wpforms-9103-field_0-last\" class=\"wpforms-field-sublabel after\">Last<\/label><\/div><\/div><\/fieldset><\/div><div id=\"wpforms-9103-field_3-container\" class=\"wpforms-field wpforms-field-number\" data-field-id=\"3\"><label class=\"wpforms-field-label\" for=\"wpforms-9103-field_3\">Phone Numbers <span class=\"wpforms-required-label\" aria-hidden=\"true\">*<\/span><\/label><input type=\"number\" id=\"wpforms-9103-field_3\" class=\"wpforms-field-small wpforms-field-required\" name=\"wpforms[fields][3]\" placeholder=\"+1 999 999 9999\" step=\"any\" aria-errormessage=\"wpforms-9103-field_3-error\" required><\/div><div id=\"wpforms-9103-field_1-container\" class=\"wpforms-field wpforms-field-email\" data-field-id=\"1\"><label class=\"wpforms-field-label\" for=\"wpforms-9103-field_1\">Email <span class=\"wpforms-required-label\" aria-hidden=\"true\">*<\/span><\/label><input type=\"email\" id=\"wpforms-9103-field_1\" class=\"wpforms-field-small wpforms-field-required\" name=\"wpforms[fields][1]\" spellcheck=\"false\" aria-errormessage=\"wpforms-9103-field_1-error\" required><\/div><div id=\"wpforms-9103-field_2-container\" class=\"wpforms-field wpforms-field-textarea\" data-field-id=\"2\"><label class=\"wpforms-field-label\" for=\"wpforms-9103-field_2\">Comment or Message<\/label><textarea id=\"wpforms-9103-field_2\" class=\"wpforms-field-medium\" name=\"wpforms[fields][2]\" aria-errormessage=\"wpforms-9103-field_2-error\" ><\/textarea><\/div><\/div><!-- .wpforms-field-container --><div class=\"wpforms-submit-container\" ><input type=\"hidden\" name=\"wpforms[id]\" value=\"9103\"><input type=\"hidden\" name=\"page_title\" value=\"\"><input type=\"hidden\" name=\"page_url\" value=\"https:\/\/milanoinv.com\/index.php\/wp-json\/wp\/v2\/pages\/155\"><input type=\"hidden\" name=\"url_referer\" value=\"\"><button type=\"submit\" name=\"wpforms[submit]\" id=\"wpforms-submit-9103\" class=\"wpforms-submit\" data-alt-text=\"Sending...\" data-submit-text=\"Submit\" aria-live=\"assertive\" value=\"wpforms-submit\">Submit<\/button><img decoding=\"async\" src=\"https:\/\/milanoinv.com\/wp-content\/plugins\/wpforms-lite\/assets\/images\/submit-spin.svg\" class=\"wpforms-submit-spinner\" style=\"display: none;\" width=\"26\" height=\"26\" alt=\"Loading\"><\/div><\/form><\/div>  <!-- .wpforms-container -->\t\t\t\t<\/div>\n\t\t\t\t<\/div>\n\t\t\t\t<div class=\"elementor-element elementor-element-617dec2 elementor-widget elementor-widget-google_maps\" data-id=\"617dec2\" data-element_type=\"widget\" data-widget_type=\"google_maps.default\">\n\t\t\t\t<div class=\"elementor-widget-container\">\n\t\t\t\t\t\t\t<div class=\"elementor-custom-embed\">\n\t\t\t<iframe loading=\"lazy\"\n\t\t\t\t\tsrc=\"https:\/\/maps.google.com\/maps?q=milano%20invest%20alanya&#038;t=m&#038;z=14&#038;output=embed&#038;iwloc=near\"\n\t\t\t\t\ttitle=\"milano invest alanya\"\n\t\t\t\t\taria-label=\"milano invest alanya\"\n\t\t\t><\/iframe>\n\t\t<\/div>\n\t\t\t\t\t\t<\/div>\n\t\t\t\t<\/div>\n\t\t\t\t\t<\/div>\n\t\t<\/div>\n\t\t\t\t<div class=\"elementor-column elementor-col-50 elementor-top-column elementor-element elementor-element-bd4be6b\" data-id=\"bd4be6b\" data-element_type=\"column\">\n\t\t\t<div class=\"elementor-widget-wrap elementor-element-populated\">\n\t\t\t\t\t\t<div class=\"elementor-element elementor-element-3d23df8 elementor-view-default elementor-position-top elementor-mobile-position-top elementor-widget elementor-widget-icon-box\" data-id=\"3d23df8\" data-element_type=\"widget\" data-widget_type=\"icon-box.default\">\n\t\t\t\t<div class=\"elementor-widget-container\">\n\t\t\t\t\t\t\t<div class=\"elementor-icon-box-wrapper\">\n\n\t\t\t\t\t\t<div class=\"elementor-icon-box-icon\">\n\t\t\t\t<a href=\"https:\/\/wa.me\/905379456060\" class=\"elementor-icon\" tabindex=\"-1\" aria-label=\"Phone Number\">\n\t\t\t\t<i aria-hidden=\"true\" class=\"fas fa-phone-alt\"><\/i>\t\t\t\t<\/a>\n\t\t\t<\/div>\n\t\t\t\n\t\t\t\t\t\t<div class=\"elementor-icon-box-content\">\n\n\t\t\t\t\t\t\t\t\t<h3 class=\"elementor-icon-box-title\">\n\t\t\t\t\t\t<a href=\"https:\/\/wa.me\/905379456060\" >\n\t\t\t\t\t\t\tPhone Number\t\t\t\t\t\t<\/a>\n\t\t\t\t\t<\/h3>\n\t\t\t\t\n\t\t\t\t\t\t\t\t\t<p class=\"elementor-icon-box-description\">\n\t\t\t\t\t\tSales Number : +90 537 945 60 60\t\t\t\t\t<\/p>\n\t\t\t\t\n\t\t\t<\/div>\n\t\t\t\n\t\t<\/div>\n\t\t\t\t\t\t<\/div>\n\t\t\t\t<\/div>\n\t\t\t\t<div class=\"elementor-element elementor-element-3be1adb elementor-view-default elementor-position-top elementor-mobile-position-top elementor-widget elementor-widget-icon-box\" data-id=\"3be1adb\" data-element_type=\"widget\" data-widget_type=\"icon-box.default\">\n\t\t\t\t<div class=\"elementor-widget-container\">\n\t\t\t\t\t\t\t<div class=\"elementor-icon-box-wrapper\">\n\n\t\t\t\t\t\t<div class=\"elementor-icon-box-icon\">\n\t\t\t\t<span  class=\"elementor-icon\">\n\t\t\t\t<i aria-hidden=\"true\" class=\"fas fa-envelope-open\"><\/i>\t\t\t\t<\/span>\n\t\t\t<\/div>\n\t\t\t\n\t\t\t\t\t\t<div class=\"elementor-icon-box-content\">\n\n\t\t\t\t\t\t\t\t\t<h3 class=\"elementor-icon-box-title\">\n\t\t\t\t\t\t<span  >\n\t\t\t\t\t\t\tEmail Address\t\t\t\t\t\t<\/span>\n\t\t\t\t\t<\/h3>\n\t\t\t\t\n\t\t\t\t\t\t\t\t\t<p class=\"elementor-icon-box-description\">\n\t\t\t\t\t\tinfo@milanoinv.com\nadmin@milanoinv.com\t\t\t\t\t<\/p>\n\t\t\t\t\n\t\t\t<\/div>\n\t\t\t\n\t\t<\/div>\n\t\t\t\t\t\t<\/div>\n\t\t\t\t<\/div>\n\t\t\t\t<div class=\"elementor-element elementor-element-5c7d5b5 elementor-view-default elementor-position-top elementor-mobile-position-top elementor-widget elementor-widget-icon-box\" data-id=\"5c7d5b5\" data-element_type=\"widget\" data-widget_type=\"icon-box.default\">\n\t\t\t\t<div class=\"elementor-widget-container\">\n\t\t\t\t\t\t\t<div class=\"elementor-icon-box-wrapper\">\n\n\t\t\t\t\t\t<div class=\"elementor-icon-box-icon\">\n\t\t\t\t<span  class=\"elementor-icon\">\n\t\t\t\t<i aria-hidden=\"true\" class=\"fas fa-map-pin\"><\/i>\t\t\t\t<\/span>\n\t\t\t<\/div>\n\t\t\t\n\t\t\t\t\t\t<div class=\"elementor-icon-box-content\">\n\n\t\t\t\t\t\t\t\t\t<h3 class=\"elementor-icon-box-title\">\n\t\t\t\t\t\t<span  >\n\t\t\t\t\t\t\tOffice Address\t\t\t\t\t\t<\/span>\n\t\t\t\t\t<\/h3>\n\t\t\t\t\n\t\t\t\t\t\t\t\t\t<p class=\"elementor-icon-box-description\">\n\t\t\t\t\t\tK\u0131zlar P\u0131nar\u0131, Stad Cd. No:23, 07400 Alanya\/Antalya\t\t\t\t\t<\/p>\n\t\t\t\t\n\t\t\t<\/div>\n\t\t\t\n\t\t<\/div>\n\t\t\t\t\t\t<\/div>\n\t\t\t\t<\/div>\n\t\t\t\t\t<\/div>\n\t\t<\/div>\n\t\t\t\t\t<\/div>\n\t\t<\/section>\n\t\t\t\t<section class=\"elementor-section elementor-top-section elementor-element elementor-element-ab650d2 elementor-section-boxed elementor-section-height-default elementor-section-height-default\" data-id=\"ab650d2\" data-element_type=\"section\">\n\t\t\t\t\t\t<div class=\"elementor-container elementor-column-gap-default\">\n\t\t\t\t\t<div class=\"elementor-column elementor-col-100 elementor-top-column elementor-element elementor-element-85db5c4\" data-id=\"85db5c4\" data-element_type=\"column\">\n\t\t\t<div class=\"elementor-widget-wrap\">\n\t\t\t\t\t\t\t<\/div>\n\t\t<\/div>\n\t\t\t\t\t<\/div>\n\t\t<\/section>\n\t\t\t\t<\/div>\n\t\t","protected":false},"excerpt":{"rendered":"<p>Contact UsPlease enable JavaScript in your browser to complete this form.Please enable JavaScript in your browser to complete this form. Name * FirstLast Phone Numbers *Email *Comment or Message Submit Phone Number Sales Number : +90 537 945 60 60 Email Address info@milanoinv.com admin@milanoinv.com Office Address K\u0131zlar P\u0131nar\u0131, Stad Cd. No:23, 07400 Alanya\/Antalya<\/p>\n","protected":false},"author":2,"featured_media":8606,"parent":0,"menu_order":0,"comment_status":"closed","ping_status":"closed","template":"templates\/contact.php","meta":{"footnotes":""},"class_list":["post-155","page","type-page","status-publish","has-post-thumbnail","hentry"],"yoast_head":"<!-- This site is optimized with the Yoast SEO Premium plugin v20.7 (Yoast SEO v25.9) - https:\/\/yoast.com\/wordpress\/plugins\/seo\/ -->\n<title>Contact - Milano Invest<\/title>\n<meta name=\"robots\" content=\"index, follow, max-snippet:-1, max-image-preview:large, max-video-preview:-1\" \/>\n<link rel=\"canonical\" href=\"https:\/\/milanoinv.com\/index.php\/contact\/\" \/>\n<meta property=\"og:locale\" content=\"en_US\" \/>\n<meta property=\"og:type\" content=\"article\" \/>\n<meta property=\"og:title\" content=\"Contact\" \/>\n<meta property=\"og:description\" content=\"Contact UsPlease enable JavaScript in your browser to complete this form.Please enable JavaScript in your browser to complete this form. Name * FirstLast Phone Numbers *Email *Comment or Message Submit Phone Number Sales Number : +90 537 945 60 60 Email Address info@milanoinv.com admin@milanoinv.com Office Address K\u0131zlar P\u0131nar\u0131, Stad Cd. No:23, 07400 Alanya\/Antalya\" \/>\n<meta property=\"og:url\" content=\"https:\/\/milanoinv.com\/index.php\/contact\/\" \/>\n<meta property=\"og:site_name\" content=\"Milano Invest\" \/>\n<meta property=\"article:publisher\" content=\"https:\/\/www.facebook.com\/milanoinv\/\" \/>\n<meta property=\"article:modified_time\" content=\"2025-05-28T15:44:43+00:00\" \/>\n<meta property=\"og:image\" content=\"https:\/\/milanoinv.com\/wp-content\/uploads\/2023\/08\/1.jpg\" \/>\n\t<meta property=\"og:image:width\" content=\"1170\" \/>\n\t<meta property=\"og:image:height\" content=\"640\" \/>\n\t<meta property=\"og:image:type\" content=\"image\/jpeg\" \/>\n<meta name=\"twitter:card\" content=\"summary_large_image\" \/>\n<meta name=\"twitter:site\" content=\"@milanoinv\" \/>\n<meta name=\"twitter:label1\" content=\"Est. reading time\" \/>\n\t<meta name=\"twitter:data1\" content=\"1 minute\" \/>\n<script type=\"application\/ld+json\" class=\"yoast-schema-graph\">{\"@context\":\"https:\/\/schema.org\",\"@graph\":[{\"@type\":\"WebPage\",\"@id\":\"https:\/\/milanoinv.com\/index.php\/contact\/\",\"url\":\"https:\/\/milanoinv.com\/index.php\/contact\/\",\"name\":\"Contact - Milano Invest\",\"isPartOf\":{\"@id\":\"https:\/\/milanoinv.com\/#website\"},\"primaryImageOfPage\":{\"@id\":\"https:\/\/milanoinv.com\/index.php\/contact\/#primaryimage\"},\"image\":{\"@id\":\"https:\/\/milanoinv.com\/index.php\/contact\/#primaryimage\"},\"thumbnailUrl\":\"https:\/\/milanoinv.com\/wp-content\/uploads\/2023\/08\/1.jpg\",\"datePublished\":\"2017-06-23T23:26:14+00:00\",\"dateModified\":\"2025-05-28T15:44:43+00:00\",\"breadcrumb\":{\"@id\":\"https:\/\/milanoinv.com\/index.php\/contact\/#breadcrumb\"},\"inLanguage\":\"en-US\",\"potentialAction\":[{\"@type\":\"ReadAction\",\"target\":[\"https:\/\/milanoinv.com\/index.php\/contact\/\"]}]},{\"@type\":\"ImageObject\",\"inLanguage\":\"en-US\",\"@id\":\"https:\/\/milanoinv.com\/index.php\/contact\/#primaryimage\",\"url\":\"https:\/\/milanoinv.com\/wp-content\/uploads\/2023\/08\/1.jpg\",\"contentUrl\":\"https:\/\/milanoinv.com\/wp-content\/uploads\/2023\/08\/1.jpg\",\"width\":1170,\"height\":640,\"caption\":\"MILANO CITY PALACE\"},{\"@type\":\"BreadcrumbList\",\"@id\":\"https:\/\/milanoinv.com\/index.php\/contact\/#breadcrumb\",\"itemListElement\":[{\"@type\":\"ListItem\",\"position\":1,\"name\":\"Home\",\"item\":\"https:\/\/milanoinv.com\/\"},{\"@type\":\"ListItem\",\"position\":2,\"name\":\"Contact\"}]},{\"@type\":\"WebSite\",\"@id\":\"https:\/\/milanoinv.com\/#website\",\"url\":\"https:\/\/milanoinv.com\/\",\"name\":\"Milano Invest\",\"description\":\"Construction Company\",\"publisher\":{\"@id\":\"https:\/\/milanoinv.com\/#organization\"},\"potentialAction\":[{\"@type\":\"SearchAction\",\"target\":{\"@type\":\"EntryPoint\",\"urlTemplate\":\"https:\/\/milanoinv.com\/?s={search_term_string}\"},\"query-input\":{\"@type\":\"PropertyValueSpecification\",\"valueRequired\":true,\"valueName\":\"search_term_string\"}}],\"inLanguage\":\"en-US\"},{\"@type\":\"Organization\",\"@id\":\"https:\/\/milanoinv.com\/#organization\",\"name\":\"Milano Invest\",\"url\":\"https:\/\/milanoinv.com\/\",\"logo\":{\"@type\":\"ImageObject\",\"inLanguage\":\"en-US\",\"@id\":\"https:\/\/milanoinv.com\/#\/schema\/logo\/image\/\",\"url\":\"https:\/\/milanoinv.com\/wp-content\/uploads\/2020\/02\/MILANO.png\",\"contentUrl\":\"https:\/\/milanoinv.com\/wp-content\/uploads\/2020\/02\/MILANO.png\",\"width\":558,\"height\":233,\"caption\":\"Milano Invest\"},\"image\":{\"@id\":\"https:\/\/milanoinv.com\/#\/schema\/logo\/image\/\"},\"sameAs\":[\"https:\/\/www.facebook.com\/milanoinv\/\",\"https:\/\/x.com\/milanoinv\",\"https:\/\/www.youtube.com\/@milanoinv\",\"https:\/\/www.linkedin.com\/company\/milanoinv\",\"https:\/\/instagram.com\/milanoinv\"]}]}<\/script>\n<!-- \/ Yoast SEO Premium plugin. -->","yoast_head_json":{"title":"Contact - Milano Invest","robots":{"index":"index","follow":"follow","max-snippet":"max-snippet:-1","max-image-preview":"max-image-preview:large","max-video-preview":"max-video-preview:-1"},"canonical":"https:\/\/milanoinv.com\/index.php\/contact\/","og_locale":"en_US","og_type":"article","og_title":"Contact","og_description":"Contact UsPlease enable JavaScript in your browser to complete this form.Please enable JavaScript in your browser to complete this form. Name * FirstLast Phone Numbers *Email *Comment or Message Submit Phone Number Sales Number : +90 537 945 60 60 Email Address info@milanoinv.com admin@milanoinv.com Office Address K\u0131zlar P\u0131nar\u0131, Stad Cd. No:23, 07400 Alanya\/Antalya","og_url":"https:\/\/milanoinv.com\/index.php\/contact\/","og_site_name":"Milano Invest","article_publisher":"https:\/\/www.facebook.com\/milanoinv\/","article_modified_time":"2025-05-28T15:44:43+00:00","og_image":[{"width":1170,"height":640,"url":"https:\/\/milanoinv.com\/wp-content\/uploads\/2023\/08\/1.jpg","type":"image\/jpeg"}],"twitter_card":"summary_large_image","twitter_site":"@milanoinv","twitter_misc":{"Est. reading time":"1 minute"},"schema":{"@context":"https:\/\/schema.org","@graph":[{"@type":"WebPage","@id":"https:\/\/milanoinv.com\/index.php\/contact\/","url":"https:\/\/milanoinv.com\/index.php\/contact\/","name":"Contact - Milano Invest","isPartOf":{"@id":"https:\/\/milanoinv.com\/#website"},"primaryImageOfPage":{"@id":"https:\/\/milanoinv.com\/index.php\/contact\/#primaryimage"},"image":{"@id":"https:\/\/milanoinv.com\/index.php\/contact\/#primaryimage"},"thumbnailUrl":"https:\/\/milanoinv.com\/wp-content\/uploads\/2023\/08\/1.jpg","datePublished":"2017-06-23T23:26:14+00:00","dateModified":"2025-05-28T15:44:43+00:00","breadcrumb":{"@id":"https:\/\/milanoinv.com\/index.php\/contact\/#breadcrumb"},"inLanguage":"en-US","potentialAction":[{"@type":"ReadAction","target":["https:\/\/milanoinv.com\/index.php\/contact\/"]}]},{"@type":"ImageObject","inLanguage":"en-US","@id":"https:\/\/milanoinv.com\/index.php\/contact\/#primaryimage","url":"https:\/\/milanoinv.com\/wp-content\/uploads\/2023\/08\/1.jpg","contentUrl":"https:\/\/milanoinv.com\/wp-content\/uploads\/2023\/08\/1.jpg","width":1170,"height":640,"caption":"MILANO CITY PALACE"},{"@type":"BreadcrumbList","@id":"https:\/\/milanoinv.com\/index.php\/contact\/#breadcrumb","itemListElement":[{"@type":"ListItem","position":1,"name":"Home","item":"https:\/\/milanoinv.com\/"},{"@type":"ListItem","position":2,"name":"Contact"}]},{"@type":"WebSite","@id":"https:\/\/milanoinv.com\/#website","url":"https:\/\/milanoinv.com\/","name":"Milano Invest","description":"Construction Company","publisher":{"@id":"https:\/\/milanoinv.com\/#organization"},"potentialAction":[{"@type":"SearchAction","target":{"@type":"EntryPoint","urlTemplate":"https:\/\/milanoinv.com\/?s={search_term_string}"},"query-input":{"@type":"PropertyValueSpecification","valueRequired":true,"valueName":"search_term_string"}}],"inLanguage":"en-US"},{"@type":"Organization","@id":"https:\/\/milanoinv.com\/#organization","name":"Milano Invest","url":"https:\/\/milanoinv.com\/","logo":{"@type":"ImageObject","inLanguage":"en-US","@id":"https:\/\/milanoinv.com\/#\/schema\/logo\/image\/","url":"https:\/\/milanoinv.com\/wp-content\/uploads\/2020\/02\/MILANO.png","contentUrl":"https:\/\/milanoinv.com\/wp-content\/uploads\/2020\/02\/MILANO.png","width":558,"height":233,"caption":"Milano Invest"},"image":{"@id":"https:\/\/milanoinv.com\/#\/schema\/logo\/image\/"},"sameAs":["https:\/\/www.facebook.com\/milanoinv\/","https:\/\/x.com\/milanoinv","https:\/\/www.youtube.com\/@milanoinv","https:\/\/www.linkedin.com\/company\/milanoinv","https:\/\/instagram.com\/milanoinv"]}]}},"jetpack_sharing_enabled":true,"_links":{"self":[{"href":"https:\/\/milanoinv.com\/index.php\/wp-json\/wp\/v2\/pages\/155","targetHints":{"allow":["GET"]}}],"collection":[{"href":"https:\/\/milanoinv.com\/index.php\/wp-json\/wp\/v2\/pages"}],"about":[{"href":"https:\/\/milanoinv.com\/index.php\/wp-json\/wp\/v2\/types\/page"}],"author":[{"embeddable":true,"href":"https:\/\/milanoinv.com\/index.php\/wp-json\/wp\/v2\/users\/2"}],"replies":[{"embeddable":true,"href":"https:\/\/milanoinv.com\/index.php\/wp-json\/wp\/v2\/comments?post=155"}],"version-history":[{"count":19,"href":"https:\/\/milanoinv.com\/index.php\/wp-json\/wp\/v2\/pages\/155\/revisions"}],"predecessor-version":[{"id":9232,"href":"https:\/\/milanoinv.com\/index.php\/wp-json\/wp\/v2\/pages\/155\/revisions\/9232"}],"wp:featuredmedia":[{"embeddable":true,"href":"https:\/\/milanoinv.com\/index.php\/wp-json\/wp\/v2\/media\/8606"}],"wp:attachment":[{"href":"https:\/\/milanoinv.com\/index.php\/wp-json\/wp\/v2\/media?parent=155"}],"curies":[{"name":"wp","href":"https:\/\/api.w.org\/{rel}","templated":true}]}}